{"id":3366,"date":"2025-08-13T17:19:57","date_gmt":"2025-08-13T23:19:57","guid":{"rendered":"https:\/\/umana-homes.com\/?page_id=3366"},"modified":"2025-11-18T16:21:45","modified_gmt":"2025-11-18T21:21:45","slug":"umana-contact-us","status":"publish","type":"page","link":"https:\/\/umana-homes.com\/en\/umana-contact-us\/","title":{"rendered":"UMANA \u2013 Contact Us"},"content":{"rendered":"<div data-elementor-type=\"wp-page\" data-elementor-id=\"3366\" class=\"elementor elementor-3366\">\n\t\t\t\t\t\t<section class=\"elementor-section elementor-top-section elementor-element elementor-element-f69cce4 elementor-section-boxed elementor-section-height-default elementor-section-height-default\" data-id=\"f69cce4\" data-element_type=\"section\">\n\t\t\t\t\t\t<div class=\"elementor-container elementor-column-gap-no\">\n\t\t\t\t\t<div class=\"elementor-column elementor-col-100 elementor-top-column elementor-element elementor-element-003390c\" data-id=\"003390c\" data-element_type=\"column\">\n\t\t\t<div class=\"elementor-widget-wrap elementor-element-populated\">\n\t\t\t\t\t\t<div class=\"elementor-element elementor-element-6dc0f73 elementor-widget__width-auto elementor-widget elementor-widget-heading\" data-id=\"6dc0f73\" data-element_type=\"widget\" data-widget_type=\"heading.default\">\n\t\t\t\t\t<h6 class=\"elementor-heading-title elementor-size-default\">Contact Us<\/h6>\t\t\t\t<\/div>\n\t\t\t\t<div class=\"elementor-element elementor-element-9239c55 elementor-widget elementor-widget-heading\" data-id=\"9239c55\" data-element_type=\"widget\" data-widget_type=\"heading.default\">\n\t\t\t\t\t<h2 class=\"elementor-heading-title elementor-size-default\">Contact Us<\/h2>\t\t\t\t<\/div>\n\t\t\t\t<div class=\"elementor-element elementor-element-6747e13 elementor-widget elementor-widget-heading\" data-id=\"6747e13\" data-element_type=\"widget\" data-widget_type=\"heading.default\">\n\t\t\t\t\t<p class=\"elementor-heading-title elementor-size-default\">At UMANA Homes, your communication is a priority. Write to us and we will respond promptly.<\/p>\t\t\t\t<\/div>\n\t\t\t\t<div class=\"elementor-element elementor-element-dc73104 elementor-widget elementor-widget-flexitype-icon-box\" data-id=\"dc73104\" data-element_type=\"widget\" data-widget_type=\"flexitype-icon-box.default\">\n\t\t\t\t<div class=\"elementor-widget-container\">\n\t\t\t\t\t\r\n        <div class=\"icon__box-item\">\r\n                                                                        <div class=\"icon__box-item-icon\">\r\n                        <i aria-hidden=\"true\" class=\"flaticon flaticon-phone\"><\/i>                                            <\/div>\r\n                                        <div class=\"icon__box-item-content\">\r\n                <div class=\"title\">\r\n                                            <h5>\r\n                            Phone                        <\/h5>\r\n                                                                <div class=\"ql-block\" data-block-id=\"block-a2ac4fec-6a91-4e17-9fe4-607e639ae837\"><strong>+57 COL:<\/strong> (318) 350 7673<\/div>\n<div class=\"ql-block\" data-block-id=\"block-524db5d8-650b-4728-bef7-da601e8a1b66\"><strong>+1 USA:<\/strong> (239) 839 5834<\/div>\n                                    <\/div>\r\n                            <\/div>\r\n        <\/div>\r\n\r\n        \t\t\t\t<\/div>\n\t\t\t\t<\/div>\n\t\t\t\t<div class=\"elementor-element elementor-element-e239f71 elementor-widget elementor-widget-flexitype-icon-box\" data-id=\"e239f71\" data-element_type=\"widget\" data-widget_type=\"flexitype-icon-box.default\">\n\t\t\t\t<div class=\"elementor-widget-container\">\n\t\t\t\t\t\r\n        <div class=\"icon__box-item\">\r\n                                                                        <div class=\"icon__box-item-icon\">\r\n                        <i aria-hidden=\"true\" class=\"flaticon flaticon-email-3\"><\/i>                                            <\/div>\r\n                                        <div class=\"icon__box-item-content\">\r\n                <div class=\"title\">\r\n                                            <h5>\r\n                            Email                        <\/h5>\r\n                                                                <p><a class=\"ql-link\" href=\"mailto:umanahomesllc@gmail.com\" target=\"_blank\" rel=\"noopener noreferrer\">umanahomesllc@gmail.com\u00a0<\/a><\/p>\n                                    <\/div>\r\n                            <\/div>\r\n        <\/div>\r\n\r\n        \t\t\t\t<\/div>\n\t\t\t\t<\/div>\n\t\t\t\t<div class=\"elementor-element elementor-element-80c2dfa elementor-widget elementor-widget-flexitype-icon-box\" data-id=\"80c2dfa\" data-element_type=\"widget\" data-widget_type=\"flexitype-icon-box.default\">\n\t\t\t\t<div class=\"elementor-widget-container\">\n\t\t\t\t\t\r\n        <div class=\"icon__box-item\">\r\n                                                                        <div class=\"icon__box-item-icon\">\r\n                        <i aria-hidden=\"true\" class=\"flaticon flaticon-location-1\"><\/i>                                            <\/div>\r\n                                        <div class=\"icon__box-item-content\">\r\n                <div class=\"title\">\r\n                                            <h5>\r\n                            Location                        <\/h5>\r\n                                                                <p><a href=\"https:\/\/www.google.com\/maps\/place\/4529+Dalmahoy+Court+APT+302,+Fort+Myers,+FL+33916,+EE.+UU.\/@26.6138297,-81.8243622,17z\/data=!4m6!3m5!1s0x88db6a54bdefaf39:0x18dc2f24750e15d3!8m2!3d26.6135995!4d-81.8237507!16sg11hcd_8707?entry=ttu&amp;g_ep=EgoyMDI1MDkyMS4wIKXMDSoASAFQAw\"> 4529 Dalmahoy Ct, Fort Myers, FL 33916<\/a><\/p>\n                                    <\/div>\r\n                            <\/div>\r\n        <\/div>\r\n\r\n        \t\t\t\t<\/div>\n\t\t\t\t<\/div>\n\t\t\t\t\t<\/div>\n\t\t<\/div>\n\t\t\t\t\t<\/div>\n\t\t<\/section>\n\t\t\t\t<\/div>","protected":false},"excerpt":{"rendered":"<p>Cont\u00e1ctanos Cont\u00e1ctanos En UMANA Homes, su comunicaci\u00f3n es una prioridad. Escr\u00edbanos y le responderemos oportunamente Tel\u00e9fono +57 COL: (318) 350 7673 +1 USA: (239) 839 5834 Correo Electronico umanahomesllc@gmail.com\u00a0 Ubicaci\u00f3n 4529 Dalmahoy Ct, Fort Myers, FL 33916<\/p>","protected":false},"author":1,"featured_media":0,"parent":0,"menu_order":0,"comment_status":"closed","ping_status":"closed","template":"page-builder.php","meta":{"footnotes":""},"class_list":["post-3366","page","type-page","status-publish","hentry"],"_links":{"self":[{"href":"https:\/\/umana-homes.com\/en\/wp-json\/wp\/v2\/pages\/3366","targetHints":{"allow":["GET"]}}],"collection":[{"href":"https:\/\/umana-homes.com\/en\/wp-json\/wp\/v2\/pages"}],"about":[{"href":"https:\/\/umana-homes.com\/en\/wp-json\/wp\/v2\/types\/page"}],"author":[{"embeddable":true,"href":"https:\/\/umana-homes.com\/en\/wp-json\/wp\/v2\/users\/1"}],"replies":[{"embeddable":true,"href":"https:\/\/umana-homes.com\/en\/wp-json\/wp\/v2\/comments?post=3366"}],"version-history":[{"count":32,"href":"https:\/\/umana-homes.com\/en\/wp-json\/wp\/v2\/pages\/3366\/revisions"}],"predecessor-version":[{"id":4164,"href":"https:\/\/umana-homes.com\/en\/wp-json\/wp\/v2\/pages\/3366\/revisions\/4164"}],"wp:attachment":[{"href":"https:\/\/umana-homes.com\/en\/wp-json\/wp\/v2\/media?parent=3366"}],"curies":[{"name":"wp","href":"https:\/\/api.w.org\/{rel}","templated":true}]}}