{"id":3349,"date":"2025-08-13T17:16:30","date_gmt":"2025-08-13T23:16:30","guid":{"rendered":"https:\/\/umana-homes.com\/?page_id=3349"},"modified":"2025-10-24T12:22:18","modified_gmt":"2025-10-24T17:22:18","slug":"umana-projects","status":"publish","type":"page","link":"https:\/\/umana-homes.com\/en\/umana-projects\/","title":{"rendered":"UMANA \u2013 Projects"},"content":{"rendered":"<div data-elementor-type=\"wp-page\" data-elementor-id=\"3349\" class=\"elementor elementor-3349\">\n\t\t\t\t\t\t<section class=\"elementor-section elementor-top-section elementor-element elementor-element-989bfc5 elementor-section-boxed elementor-section-height-default elementor-section-height-default elementor-invisible\" data-id=\"989bfc5\" data-element_type=\"section\" data-settings=\"{&quot;animation&quot;:&quot;fadeInUp&quot;}\">\n\t\t\t\t\t\t<div class=\"elementor-container elementor-column-gap-custom\">\n\t\t\t\t\t<div class=\"elementor-column elementor-col-50 elementor-top-column elementor-element elementor-element-d69223d\" data-id=\"d69223d\" data-element_type=\"column\">\n\t\t\t<div class=\"elementor-widget-wrap elementor-element-populated\">\n\t\t\t\t\t\t<div class=\"elementor-element elementor-element-2d60191 elementor-widget elementor-widget-flexitype-image-hover\" data-id=\"2d60191\" data-element_type=\"widget\" data-widget_type=\"flexitype-image-hover.default\">\n\t\t\t\t<div class=\"elementor-widget-container\">\n\t\t\t\t\t\r\n<div class=\"flexitype_image_slider-item visibility_hidden\">\r\n                                <img decoding=\"async\" src=\"http:\/\/umana-homes.com\/wp-content\/uploads\/2025\/09\/image-8-1.png\" alt=\"image\">\r\n                                <div class=\"flexitype_image_slider-item-content\">\r\n                                    <div\r\n                                        class=\"flexitype_image_slider-item-area inline\">\r\n                                        <div class=\"flexitype_image_slider-item-area-icon\">\r\n                                                                                                                                <\/div>\r\n                                        <div>\r\n                                                                                            <span>Construction Management | Single-Family Housing<\/span>\r\n                                                                                                                                    <h5>\r\n                                                                                                    <a href=\"\/en\/4146newmilford\/\">\r\n                                                        4146 New Milford St - North Port, FL                                                    <\/a>\r\n                                                                                            <\/h5>\r\n                                                                                                                                        <a class=\"flexitype-button left\" href=\"\/en\/4146newmilford\/\">\r\n                                                                                                                                                                <i class=\"flaticon flaticon-right-up\"><\/i>\r\n                                                                                                    <\/a>\r\n                                                                                    <\/div>\r\n                                    <\/div>\r\n                                <\/div>\r\n                            <\/div>\r\n        \t\t\t\t<\/div>\n\t\t\t\t<\/div>\n\t\t\t\t<div class=\"elementor-element elementor-element-af3c664 elementor-widget elementor-widget-flexitype-image-hover\" data-id=\"af3c664\" data-element_type=\"widget\" data-widget_type=\"flexitype-image-hover.default\">\n\t\t\t\t<div class=\"elementor-widget-container\">\n\t\t\t\t\t\r\n<div class=\"flexitype_image_slider-item visibility_hidden\">\r\n                                <img decoding=\"async\" src=\"http:\/\/umana-homes.com\/wp-content\/uploads\/2025\/09\/image-13.png\" alt=\"image\">\r\n                                <div class=\"flexitype_image_slider-item-content\">\r\n                                    <div\r\n                                        class=\"flexitype_image_slider-item-area inline\">\r\n                                        <div class=\"flexitype_image_slider-item-area-icon\">\r\n                                                                                                                                <\/div>\r\n                                        <div>\r\n                                                                                            <span>Construction Management | Single-Family Housing <\/span>\r\n                                                                                                                                    <h5>\r\n                                                                                                    <a href=\"\/en\/27095greengulf\/\">\r\n                                                        27095 Green Gulf Blvd - Tropical Gulf Acres, Punta Gorda, FL                                                    <\/a>\r\n                                                                                            <\/h5>\r\n                                                                                                                                        <a class=\"flexitype-button left\" href=\"\/en\/27095greengulf\/\">\r\n                                                                                                                                                                <i class=\"flaticon flaticon-right-up\"><\/i>\r\n                                                                                                    <\/a>\r\n                                                                                    <\/div>\r\n                                    <\/div>\r\n                                <\/div>\r\n                            <\/div>\r\n        \t\t\t\t<\/div>\n\t\t\t\t<\/div>\n\t\t\t\t<div class=\"elementor-element elementor-element-e986468 elementor-widget elementor-widget-flexitype-image-hover\" data-id=\"e986468\" data-element_type=\"widget\" data-widget_type=\"flexitype-image-hover.default\">\n\t\t\t\t<div class=\"elementor-widget-container\">\n\t\t\t\t\t\r\n<div class=\"flexitype_image_slider-item visibility_hidden\">\r\n                                <img decoding=\"async\" src=\"http:\/\/umana-homes.com\/wp-content\/uploads\/2025\/09\/Modelo-Blue-Right-Garage-door.png\" alt=\"image\">\r\n                                <div class=\"flexitype_image_slider-item-content\">\r\n                                    <div\r\n                                        class=\"flexitype_image_slider-item-area inline\">\r\n                                        <div class=\"flexitype_image_slider-item-area-icon\">\r\n                                                                                                                                <\/div>\r\n                                        <div>\r\n                                                                                            <span>Construction Management | Single-Family Housing <\/span>\r\n                                                                                                                                    <h5>\r\n                                                                                                    <a href=\"\/en\/12275barcelonadr\/\">\r\n                                                        12275 Barcelona Dr - Tropical Gulf Acres, Punta Gorda, FL                                                    <\/a>\r\n                                                                                            <\/h5>\r\n                                                                                                                                        <a class=\"flexitype-button left\" href=\"\/en\/12275barcelonadr\/\">\r\n                                                                                                                                                                <i class=\"flaticon flaticon-right-up\"><\/i>\r\n                                                                                                    <\/a>\r\n                                                                                    <\/div>\r\n                                    <\/div>\r\n                                <\/div>\r\n                            <\/div>\r\n        \t\t\t\t<\/div>\n\t\t\t\t<\/div>\n\t\t\t\t\t<\/div>\n\t\t<\/div>\n\t\t\t\t<div class=\"elementor-column elementor-col-50 elementor-top-column elementor-element elementor-element-c83f059\" data-id=\"c83f059\" data-element_type=\"column\">\n\t\t\t<div class=\"elementor-widget-wrap elementor-element-populated\">\n\t\t\t\t\t\t<div class=\"elementor-element elementor-element-08cca24 elementor-widget elementor-widget-flexitype-image-hover\" data-id=\"08cca24\" data-element_type=\"widget\" data-widget_type=\"flexitype-image-hover.default\">\n\t\t\t\t<div class=\"elementor-widget-container\">\n\t\t\t\t\t\r\n<div class=\"flexitype_image_slider-item visibility_hidden\">\r\n                                <img decoding=\"async\" src=\"http:\/\/umana-homes.com\/wp-content\/uploads\/2024\/09\/image-7.png\" alt=\"image\">\r\n                                <div class=\"flexitype_image_slider-item-content\">\r\n                                    <div\r\n                                        class=\"flexitype_image_slider-item-area inline\">\r\n                                        <div class=\"flexitype_image_slider-item-area-icon\">\r\n                                                                                                                                <\/div>\r\n                                        <div>\r\n                                                                                            <span>Construction Management | Single-Family Housing <\/span>\r\n                                                                                                                                    <h5>\r\n                                                                                                    <a href=\"\/en\/4098newmilford\/\">\r\n                                                        4098 New Milford St - North Port. FL                                                    <\/a>\r\n                                                                                            <\/h5>\r\n                                                                                                                                        <a class=\"flexitype-button left\" href=\"\/en\/4098newmilford\/\">\r\n                                                                                                                                                                <i class=\"flaticon flaticon-right-up\"><\/i>\r\n                                                                                                    <\/a>\r\n                                                                                    <\/div>\r\n                                    <\/div>\r\n                                <\/div>\r\n                            <\/div>\r\n        \t\t\t\t<\/div>\n\t\t\t\t<\/div>\n\t\t\t\t<div class=\"elementor-element elementor-element-19f0fa8 elementor-widget elementor-widget-flexitype-image-hover\" data-id=\"19f0fa8\" data-element_type=\"widget\" data-widget_type=\"flexitype-image-hover.default\">\n\t\t\t\t<div class=\"elementor-widget-container\">\n\t\t\t\t\t\r\n<div class=\"flexitype_image_slider-item visibility_hidden\">\r\n                                <img decoding=\"async\" src=\"http:\/\/umana-homes.com\/wp-content\/uploads\/2025\/09\/20250826_083116-scaled.jpg\" alt=\"image\">\r\n                                <div class=\"flexitype_image_slider-item-content\">\r\n                                    <div\r\n                                        class=\"flexitype_image_slider-item-area inline\">\r\n                                        <div class=\"flexitype_image_slider-item-area-icon\">\r\n                                                                                                                                <\/div>\r\n                                        <div>\r\n                                                                                            <span>Construction Management | Single-Family Housing <\/span>\r\n                                                                                                                                    <h5>\r\n                                                                                                    <a href=\"\/en\/27101greengulf\/\">\r\n                                                        27101 Green Gulf Blvd - Tropical Gulf Acres, Punta Gorda, FL                                                    <\/a>\r\n                                                                                            <\/h5>\r\n                                                                                                                                        <a class=\"flexitype-button left\" href=\"\/en\/27101greengulf\/\">\r\n                                                                                                                                                                <i class=\"flaticon flaticon-right-up\"><\/i>\r\n                                                                                                    <\/a>\r\n                                                                                    <\/div>\r\n                                    <\/div>\r\n                                <\/div>\r\n                            <\/div>\r\n        \t\t\t\t<\/div>\n\t\t\t\t<\/div>\n\t\t\t\t\t<\/div>\n\t\t<\/div>\n\t\t\t\t\t<\/div>\n\t\t<\/section>\n\t\t\t\t<\/div>","protected":false},"excerpt":{"rendered":"<p>Gerencia de Construcci\u00f3n | Vivienda Unifamiliar 4146 New Milford St &#8211; North Port, FL Gerencia de Construcci\u00f3n | Vivienda Unifamiliar 27095 Green Gulf Blvd &#8211; Tropical Gulf Acres, Punta Gorda, FL Gerencia de Construcci\u00f3n | Vivienda Unifamiliar 12275 Barcelona Dr &#8211; Tropical Gulf Acres, Punta Gorda, FL Gerencia de Construcci\u00f3n | Vivienda Unifamiliar 4098 New [&hellip;]<\/p>","protected":false},"author":1,"featured_media":0,"parent":0,"menu_order":0,"comment_status":"closed","ping_status":"closed","template":"page-builder.php","meta":{"footnotes":""},"class_list":["post-3349","page","type-page","status-publish","hentry"],"_links":{"self":[{"href":"https:\/\/umana-homes.com\/en\/wp-json\/wp\/v2\/pages\/3349","targetHints":{"allow":["GET"]}}],"collection":[{"href":"https:\/\/umana-homes.com\/en\/wp-json\/wp\/v2\/pages"}],"about":[{"href":"https:\/\/umana-homes.com\/en\/wp-json\/wp\/v2\/types\/page"}],"author":[{"embeddable":true,"href":"https:\/\/umana-homes.com\/en\/wp-json\/wp\/v2\/users\/1"}],"replies":[{"embeddable":true,"href":"https:\/\/umana-homes.com\/en\/wp-json\/wp\/v2\/comments?post=3349"}],"version-history":[{"count":65,"href":"https:\/\/umana-homes.com\/en\/wp-json\/wp\/v2\/pages\/3349\/revisions"}],"predecessor-version":[{"id":4082,"href":"https:\/\/umana-homes.com\/en\/wp-json\/wp\/v2\/pages\/3349\/revisions\/4082"}],"wp:attachment":[{"href":"https:\/\/umana-homes.com\/en\/wp-json\/wp\/v2\/media?parent=3349"}],"curies":[{"name":"wp","href":"https:\/\/api.w.org\/{rel}","templated":true}]}}