{"id":3346,"date":"2025-08-13T17:16:43","date_gmt":"2025-08-13T23:16:43","guid":{"rendered":"https:\/\/umana-homes.com\/?page_id=3346"},"modified":"2025-11-15T11:23:29","modified_gmt":"2025-11-15T16:23:29","slug":"umana-company","status":"publish","type":"page","link":"https:\/\/umana-homes.com\/en\/umana-company\/","title":{"rendered":"Company"},"content":{"rendered":"<div data-elementor-type=\"wp-page\" data-elementor-id=\"3346\" class=\"elementor elementor-3346\">\n\t\t\t\t<div class=\"elementor-element elementor-element-e0769a1 e-flex e-con-boxed elementor-invisible e-con e-parent\" data-id=\"e0769a1\" data-element_type=\"container\" data-settings=\"{&quot;background_background&quot;:&quot;classic&quot;,&quot;animation&quot;:&quot;fadeIn&quot;}\">\n\t\t\t\t\t<div class=\"e-con-inner\">\n\t\t<div class=\"elementor-element elementor-element-ee983c6 e-con-full e-flex e-con e-child\" data-id=\"ee983c6\" data-element_type=\"container\" data-settings=\"{&quot;background_background&quot;:&quot;classic&quot;}\">\n\t\t\t\t<div class=\"elementor-element elementor-element-1b50f8b elementor-widget elementor-widget-heading\" data-id=\"1b50f8b\" data-element_type=\"widget\" data-widget_type=\"heading.default\">\n\t\t\t\t\t<h2 class=\"elementor-heading-title elementor-size-default\">About Us?<\/h2>\t\t\t\t<\/div>\n\t\t\t\t<div class=\"elementor-element elementor-element-8350fb8 elementor-widget elementor-widget-text-editor\" data-id=\"8350fb8\" data-element_type=\"widget\" data-widget_type=\"text-editor.default\">\n\t\t\t\t\t\t\t\t\t<p class=\"translation-block\">UMANA Homes LLC was founded in 2024 following years of collaboration between <strong>Oscar Pinz\u00f3n<\/strong>, an architect specializing in sustainable housing, and <strong>Christian Arenas<\/strong>, an engineer and entrepreneur. We are united by a shared vision: <strong>affordable, sustainable, high-quality homes<\/strong> that transform communities in Southwest Florida.<\/p>\t\t\t\t\t\t\t\t<\/div>\n\t\t\t\t<div class=\"elementor-element elementor-element-755a341 elementor-widget elementor-widget-heading\" data-id=\"755a341\" data-element_type=\"widget\" data-widget_type=\"heading.default\">\n\t\t\t\t\t<h2 class=\"elementor-heading-title elementor-size-default\">Mission<\/h2>\t\t\t\t<\/div>\n\t\t\t\t<div class=\"elementor-element elementor-element-aecce89 elementor-widget elementor-widget-text-editor\" data-id=\"aecce89\" data-element_type=\"widget\" data-widget_type=\"text-editor.default\">\n\t\t\t\t\t\t\t\t\t<p>To provide high-quality, sustainable, and affordable housing, creating a positive and lasting impact for families in Southwest Florida.<\/p>\t\t\t\t\t\t\t\t<\/div>\n\t\t\t\t<\/div>\n\t\t<div class=\"elementor-element elementor-element-3aaf0bf e-con-full e-flex e-con e-child\" data-id=\"3aaf0bf\" data-element_type=\"container\" data-settings=\"{&quot;background_background&quot;:&quot;classic&quot;}\">\n\t\t\t\t<div class=\"elementor-element elementor-element-6d3628e elementor-widget elementor-widget-spacer\" data-id=\"6d3628e\" data-element_type=\"widget\" data-widget_type=\"spacer.default\">\n\t\t\t\t\t\t\t<div class=\"elementor-spacer\">\n\t\t\t<div class=\"elementor-spacer-inner\"><\/div>\n\t\t<\/div>\n\t\t\t\t\t\t<\/div>\n\t\t\t\t<div class=\"elementor-element elementor-element-84b55f6 elementor-widget elementor-widget-video\" data-id=\"84b55f6\" data-element_type=\"widget\" data-settings=\"{&quot;video_type&quot;:&quot;hosted&quot;,&quot;autoplay&quot;:&quot;yes&quot;,&quot;mute&quot;:&quot;yes&quot;,&quot;loop&quot;:&quot;yes&quot;,&quot;play_on_mobile&quot;:&quot;yes&quot;}\" data-widget_type=\"video.default\">\n\t\t\t\t\t\t\t<div class=\"e-hosted-video elementor-wrapper elementor-open-inline\">\n\t\t\t\t\t<video class=\"elementor-video\" src=\"http:\/\/umana-homes.com\/wp-content\/uploads\/2025\/09\/WhatsApp-Video-2025-09-18-at-12.12.13-PM-5.mp4\" autoplay=\"\" loop=\"\" muted=\"muted\" playsinline=\"\" controlslist=\"nodownload\"><\/video>\n\t\t\t\t<\/div>\n\t\t\t\t\t\t<\/div>\n\t\t\t\t<\/div>\n\t\t\t\t\t<\/div>\n\t\t\t\t<\/div>\n\t\t<div class=\"elementor-element elementor-element-34a303b e-flex e-con-boxed elementor-invisible e-con e-parent\" data-id=\"34a303b\" data-element_type=\"container\" data-settings=\"{&quot;animation&quot;:&quot;fadeIn&quot;}\">\n\t\t\t\t\t<div class=\"e-con-inner\">\n\t\t<div class=\"elementor-element elementor-element-30e8963 e-con-full e-flex e-con e-child\" data-id=\"30e8963\" data-element_type=\"container\" data-settings=\"{&quot;background_background&quot;:&quot;classic&quot;}\">\n\t\t\t\t<div class=\"elementor-element elementor-element-d70fa01 elementor-widget elementor-widget-heading\" data-id=\"d70fa01\" data-element_type=\"widget\" data-widget_type=\"heading.default\">\n\t\t\t\t\t<h2 class=\"elementor-heading-title elementor-size-default\">Our Story<\/h2>\t\t\t\t<\/div>\n\t\t\t\t<\/div>\n\t\t\t\t\t<\/div>\n\t\t\t\t<\/div>\n\t\t\t\t<section class=\"elementor-section elementor-top-section elementor-element elementor-element-668cad6 elementor-section-boxed elementor-section-height-default elementor-section-height-default elementor-invisible\" data-id=\"668cad6\" data-element_type=\"section\" data-settings=\"{&quot;animation&quot;:&quot;fadeInUp&quot;}\">\n\t\t\t\t\t\t<div class=\"elementor-container elementor-column-gap-default\">\n\t\t\t\t\t<div class=\"elementor-column elementor-col-100 elementor-top-column elementor-element elementor-element-2e4e6c5\" data-id=\"2e4e6c5\" data-element_type=\"column\" data-settings=\"{&quot;background_background&quot;:&quot;gradient&quot;}\">\n\t\t\t<div class=\"elementor-widget-wrap elementor-element-populated\">\n\t\t\t\t\t\t<div class=\"elementor-element elementor-element-3964fd2 elementor-widget elementor-widget-flexitype-timeline\" data-id=\"3964fd2\" data-element_type=\"widget\" data-settings=\"{&quot;_animation&quot;:&quot;none&quot;}\" data-widget_type=\"flexitype-timeline.default\">\n\t\t\t\t<div class=\"elementor-widget-container\">\n\t\t\t\t\t            <div class=\"content_timeline\">\r\n                <div class=\"content_timeline-area design-2 timeline_position\">\r\n                                                            <div class=\"content_timeline-area-item elementor-repeater-item-23ea693\">\r\n        <div class=\"content_timeline-area-item-date\">\r\n                            <span>Future                        <div class=\"icon\">            \r\n                <svg xmlns=\"http:\/\/www.w3.org\/2000\/svg\" viewbox=\"0 0 25 25\"><path d=\"m17.5 5.999-.707.707 5.293 5.293H1v1h21.086l-5.294 5.295.707.707L24 12.499l-6.5-6.5z\" data-name=\"Right\"\/><\/svg>\r\n            <\/div>\r\n            <\/span>\r\n\t\t<\/div>\r\n\t\t<div class=\"content_timeline-area-item-inner\">\r\n            <div class=\"content_timeline-area-item-inner-image\">\r\n            <img decoding=\"async\" src=\"http:\/\/umana-homes.com\/wp-content\/uploads\/2025\/10\/prueba_299.png\" alt=\"history-image\">\r\n            <\/div>\r\n            <div class=\"content_timeline-area-item-inner-content\">\r\n                                    <h5>UMANA Communities<\/h5>\r\n                                                    <p>Next step: to develop affordable and sustainable multi-family projects, expanding our community impact.<\/p>\r\n                            <\/div>\r\n\t\t<\/div>\r\n\t<\/div>\r\n                                                                                <div class=\"content_timeline-area-item elementor-repeater-item-20d5eab\">\r\n        <div class=\"content_timeline-area-item-date\">\r\n                            <span>2025                        <div class=\"icon\">            \r\n                <svg xmlns=\"http:\/\/www.w3.org\/2000\/svg\" viewbox=\"0 0 25 25\"><path d=\"m17.5 5.999-.707.707 5.293 5.293H1v1h21.086l-5.294 5.295.707.707L24 12.499l-6.5-6.5z\" data-name=\"Right\"\/><\/svg>\r\n            <\/div>\r\n            <\/span>\r\n\t\t<\/div>\r\n\t\t<div class=\"content_timeline-area-item-inner\">\r\n            <div class=\"content_timeline-area-item-inner-image\">\r\n            <img decoding=\"async\" src=\"http:\/\/umana-homes.com\/wp-content\/uploads\/2025\/09\/08_neighborhood-aerial.png\" alt=\"history-image\">\r\n            <\/div>\r\n            <div class=\"content_timeline-area-item-inner-content\">\r\n                                    <h5>Single-Family Home Project Management in Florida<\/h5>\r\n                                                    <p>We lead the project management and design of single-family homes in Southwest Florida, with ongoing projects and investor clients focused on quality and efficiency.<\/p>\r\n                            <\/div>\r\n\t\t<\/div>\r\n\t<\/div>\r\n                                                                                <div class=\"content_timeline-area-item elementor-repeater-item-118a847\">\r\n        <div class=\"content_timeline-area-item-date\">\r\n                            <span>2024                        <div class=\"icon\">            \r\n                <svg xmlns=\"http:\/\/www.w3.org\/2000\/svg\" viewbox=\"0 0 25 25\"><path d=\"m17.5 5.999-.707.707 5.293 5.293H1v1h21.086l-5.294 5.295.707.707L24 12.499l-6.5-6.5z\" data-name=\"Right\"\/><\/svg>\r\n            <\/div>\r\n            <\/span>\r\n\t\t<\/div>\r\n\t\t<div class=\"content_timeline-area-item-inner\">\r\n            <div class=\"content_timeline-area-item-inner-image\">\r\n            <img decoding=\"async\" src=\"http:\/\/umana-homes.com\/wp-content\/uploads\/2025\/09\/cropped-image.png\" alt=\"history-image\">\r\n            <\/div>\r\n            <div class=\"content_timeline-area-item-inner-content\">\r\n                                    <h5>Founding of UMANA Homes LLC (USA)<\/h5>\r\n                                                    <p>The vision becomes reality in Florida: we combine technical expertise and business vision to scale housing solutions with social impact.<\/p>\r\n                            <\/div>\r\n\t\t<\/div>\r\n\t<\/div>\r\n                                                                                <div class=\"content_timeline-area-item elementor-repeater-item-37107da\">\r\n        <div class=\"content_timeline-area-item-date\">\r\n                            <span>2023                        <div class=\"icon\">            \r\n                <svg xmlns=\"http:\/\/www.w3.org\/2000\/svg\" viewbox=\"0 0 25 25\"><path d=\"m17.5 5.999-.707.707 5.293 5.293H1v1h21.086l-5.294 5.295.707.707L24 12.499l-6.5-6.5z\" data-name=\"Right\"\/><\/svg>\r\n            <\/div>\r\n            <\/span>\r\n\t\t<\/div>\r\n\t\t<div class=\"content_timeline-area-item-inner\">\r\n            <div class=\"content_timeline-area-item-inner-image\">\r\n            <img decoding=\"async\" src=\"http:\/\/umana-homes.com\/wp-content\/uploads\/2025\/10\/WhatsApp-Image-2025-10-23-at-11.54.13-AM.jpeg\" alt=\"history-image\">\r\n            <\/div>\r\n            <div class=\"content_timeline-area-item-inner-content\">\r\n                                    <h5>Shared Vision<\/h5>\r\n                                                    <p>Following multiple joint projects, we consolidated our focus on affordable and sustainable housing through management methodology and quality control.<\/p>\r\n                            <\/div>\r\n\t\t<\/div>\r\n\t<\/div>\r\n                                                                                <div class=\"content_timeline-area-item elementor-repeater-item-3f6e218\">\r\n        <div class=\"content_timeline-area-item-date\">\r\n                            <span>2020                        <div class=\"icon\">            \r\n                <svg xmlns=\"http:\/\/www.w3.org\/2000\/svg\" viewbox=\"0 0 25 25\"><path d=\"m17.5 5.999-.707.707 5.293 5.293H1v1h21.086l-5.294 5.295.707.707L24 12.499l-6.5-6.5z\" data-name=\"Right\"\/><\/svg>\r\n            <\/div>\r\n            <\/span>\r\n\t\t<\/div>\r\n\t\t<div class=\"content_timeline-area-item-inner\">\r\n            <div class=\"content_timeline-area-item-inner-image\">\r\n            <img decoding=\"async\" src=\"http:\/\/umana-homes.com\/wp-content\/uploads\/2025\/09\/barichara.png\" alt=\"history-image\">\r\n            <\/div>\r\n            <div class=\"content_timeline-area-item-inner-content\">\r\n                                    <h5>\u201cAmar-illa\u201d Sustainable Housing (Barichara, Santander)<\/h5>\r\n                                                    <p>Design and construction of a sustainable residence combining bioclimatic principles, local materials, and efficiency.<\/p>\r\n                            <\/div>\r\n\t\t<\/div>\r\n\t<\/div>\r\n                                                                                <div class=\"content_timeline-area-item elementor-repeater-item-f6b0859\">\r\n        <div class=\"content_timeline-area-item-date\">\r\n                            <span>2017                        <div class=\"icon\">            \r\n                <svg xmlns=\"http:\/\/www.w3.org\/2000\/svg\" viewbox=\"0 0 25 25\"><path d=\"m17.5 5.999-.707.707 5.293 5.293H1v1h21.086l-5.294 5.295.707.707L24 12.499l-6.5-6.5z\" data-name=\"Right\"\/><\/svg>\r\n            <\/div>\r\n            <\/span>\r\n\t\t<\/div>\r\n\t\t<div class=\"content_timeline-area-item-inner\">\r\n            <div class=\"content_timeline-area-item-inner-image\">\r\n            <img decoding=\"async\" src=\"http:\/\/umana-homes.com\/wp-content\/uploads\/2025\/10\/WhatsApp-Image-2025-10-23-at-12.01.03-PM.jpeg\" alt=\"history-image\">\r\n            <\/div>\r\n            <div class=\"content_timeline-area-item-inner-content\">\r\n                                    <h5>Commercial Projects (Efra\u00edn Casa de Pan)<\/h5>\r\n                                                    <p>Design, fit-out, and production plant development, including retail points of sale and preventive maintenance for food industry brands. \n<\/p>\r\n                            <\/div>\r\n\t\t<\/div>\r\n\t<\/div>\r\n                                                                                <div class=\"content_timeline-area-item elementor-repeater-item-fd70e05\">\r\n        <div class=\"content_timeline-area-item-date\">\r\n                            <span>2017                        <div class=\"icon\">            \r\n                <svg xmlns=\"http:\/\/www.w3.org\/2000\/svg\" viewbox=\"0 0 25 25\"><path d=\"m17.5 5.999-.707.707 5.293 5.293H1v1h21.086l-5.294 5.295.707.707L24 12.499l-6.5-6.5z\" data-name=\"Right\"\/><\/svg>\r\n            <\/div>\r\n            <\/span>\r\n\t\t<\/div>\r\n\t\t<div class=\"content_timeline-area-item-inner\">\r\n            <div class=\"content_timeline-area-item-inner-image\">\r\n            <img decoding=\"async\" src=\"http:\/\/umana-homes.com\/wp-content\/uploads\/2025\/10\/AMARILLA-7.jpg\" alt=\"history-image\">\r\n            <\/div>\r\n            <div class=\"content_timeline-area-item-inner-content\">\r\n                                    <h5>First Collaboration between Pinz\u00f3n and Arenas<\/h5>\r\n                                                    <p>We began joint ventures in construction and entrepreneurship, laying the foundation for a professional relationship built on trust.<\/p>\r\n                            <\/div>\r\n\t\t<\/div>\r\n\t<\/div>\r\n                                                                                <div class=\"content_timeline-area-item elementor-repeater-item-23238f8\">\r\n        <div class=\"content_timeline-area-item-date\">\r\n                            <span>2013                        <div class=\"icon\">            \r\n                <svg xmlns=\"http:\/\/www.w3.org\/2000\/svg\" viewbox=\"0 0 25 25\"><path d=\"m17.5 5.999-.707.707 5.293 5.293H1v1h21.086l-5.294 5.295.707.707L24 12.499l-6.5-6.5z\" data-name=\"Right\"\/><\/svg>\r\n            <\/div>\r\n            <\/span>\r\n\t\t<\/div>\r\n\t\t<div class=\"content_timeline-area-item-inner\">\r\n            <div class=\"content_timeline-area-item-inner-image\">\r\n            <img decoding=\"async\" src=\"http:\/\/umana-homes.com\/wp-content\/uploads\/2025\/09\/Captura-de-pantalla-3.png\" alt=\"history-image\">\r\n            <\/div>\r\n            <div class=\"content_timeline-area-item-inner-content\">\r\n                                    <h5>Country Homes (Apulo, Cundinamarca)<\/h5>\r\n                                                    <p>Design and construction of country houses within gated communities (Bella Orqu\u00eddea and others), integrating comfort, climate considerations, and local materials. <\/p>\r\n                            <\/div>\r\n\t\t<\/div>\r\n\t<\/div>\r\n                                                                                <div class=\"content_timeline-area-item elementor-repeater-item-c66e363\">\r\n        <div class=\"content_timeline-area-item-date\">\r\n                            <span>2010                        <div class=\"icon\">            \r\n                <svg xmlns=\"http:\/\/www.w3.org\/2000\/svg\" viewbox=\"0 0 25 25\"><path d=\"m17.5 5.999-.707.707 5.293 5.293H1v1h21.086l-5.294 5.295.707.707L24 12.499l-6.5-6.5z\" data-name=\"Right\"\/><\/svg>\r\n            <\/div>\r\n            <\/span>\r\n\t\t<\/div>\r\n\t\t<div class=\"content_timeline-area-item-inner\">\r\n            <div class=\"content_timeline-area-item-inner-image\">\r\n            <img decoding=\"async\" src=\"http:\/\/umana-homes.com\/wp-content\/uploads\/2025\/09\/unnamed.webp\" alt=\"history-image\">\r\n            <\/div>\r\n            <div class=\"content_timeline-area-item-inner-content\">\r\n                                    <h5>Healthcare Infrastructure (Bogot\u00e1)<\/h5>\r\n                                                    <p>Involvement in clinics and critical care areas: hemodynamics, ICU, surgery rooms, and medical offices for cardiovascular institutions (Teusaquillo\/Instituto del Coraz\u00f3n, Centro Cardiovascular Colombiano, among others).<\/p>\r\n                            <\/div>\r\n\t\t<\/div>\r\n\t<\/div>\r\n                                                                                <div class=\"content_timeline-area-item elementor-repeater-item-63e94cb\">\r\n        <div class=\"content_timeline-area-item-date\">\r\n                            <span>2006                        <div class=\"icon\">            \r\n                <svg xmlns=\"http:\/\/www.w3.org\/2000\/svg\" viewbox=\"0 0 25 25\"><path d=\"m17.5 5.999-.707.707 5.293 5.293H1v1h21.086l-5.294 5.295.707.707L24 12.499l-6.5-6.5z\" data-name=\"Right\"\/><\/svg>\r\n            <\/div>\r\n            <\/span>\r\n\t\t<\/div>\r\n\t\t<div class=\"content_timeline-area-item-inner\">\r\n            <div class=\"content_timeline-area-item-inner-image\">\r\n            <img decoding=\"async\" src=\"http:\/\/umana-homes.com\/wp-content\/uploads\/2025\/09\/image-1.png\" alt=\"history-image\">\r\n            <\/div>\r\n            <div class=\"content_timeline-area-item-inner-content\">\r\n                                    <h5>Founding of UMANA Arquitectura e Ingenier\u00eda SAS (Colombia)<\/h5>\r\n                                                    <p>Founded with a focus on architecture, construction inspection, and development, delivering healthcare, residential, and commercial projects across various cities nationwide.<\/p>\r\n                            <\/div>\r\n\t\t<\/div>\r\n\t<\/div>\r\n                                                    <\/div>\r\n            <\/div>\r\n        \t\t\t\t<\/div>\n\t\t\t\t<\/div>\n\t\t\t\t\t<\/div>\n\t\t<\/div>\n\t\t\t\t\t<\/div>\n\t\t<\/section>\n\t\t\t\t<\/div>","protected":false},"excerpt":{"rendered":"<p>\u00bfQuienes somos? UMANA Homes LLC naci\u00f3 en 2024 tras a\u00f1os de colaboraci\u00f3n entre Oscar Pinz\u00f3n, arquitecto especializado en vivienda sostenible, y Christian Arenas, ingeniero y empresario. Nos une una misma visi\u00f3n: hogares asequibles, sostenibles y de alta calidad que transformen comunidades en el Suroeste de Florida. Misi\u00f3n Ofrecer viviendas de calidad, sostenibles y accesibles, generando [&hellip;]<\/p>","protected":false},"author":1,"featured_media":0,"parent":0,"menu_order":0,"comment_status":"closed","ping_status":"closed","template":"page-builder.php","meta":{"footnotes":""},"class_list":["post-3346","page","type-page","status-publish","hentry"],"_links":{"self":[{"href":"https:\/\/umana-homes.com\/en\/wp-json\/wp\/v2\/pages\/3346","targetHints":{"allow":["GET"]}}],"collection":[{"href":"https:\/\/umana-homes.com\/en\/wp-json\/wp\/v2\/pages"}],"about":[{"href":"https:\/\/umana-homes.com\/en\/wp-json\/wp\/v2\/types\/page"}],"author":[{"embeddable":true,"href":"https:\/\/umana-homes.com\/en\/wp-json\/wp\/v2\/users\/1"}],"replies":[{"embeddable":true,"href":"https:\/\/umana-homes.com\/en\/wp-json\/wp\/v2\/comments?post=3346"}],"version-history":[{"count":116,"href":"https:\/\/umana-homes.com\/en\/wp-json\/wp\/v2\/pages\/3346\/revisions"}],"predecessor-version":[{"id":4157,"href":"https:\/\/umana-homes.com\/en\/wp-json\/wp\/v2\/pages\/3346\/revisions\/4157"}],"wp:attachment":[{"href":"https:\/\/umana-homes.com\/en\/wp-json\/wp\/v2\/media?parent=3346"}],"curies":[{"name":"wp","href":"https:\/\/api.w.org\/{rel}","templated":true}]}}